{"id":84,"date":"2025-10-27T22:10:44","date_gmt":"2025-10-28T01:10:44","guid":{"rendered":"https:\/\/staging1.victorvkc.com\/?page_id=84"},"modified":"2025-10-30T18:23:58","modified_gmt":"2025-10-30T21:23:58","slug":"home","status":"publish","type":"page","link":"https:\/\/staging1.victorvkc.com\/index.php\/home\/","title":{"rendered":"Home"},"content":{"rendered":"\t\t<div data-elementor-type=\"wp-page\" data-elementor-id=\"84\" class=\"elementor elementor-84\" data-elementor-post-type=\"page\">\n\t\t\t\t<div class=\"elementor-element elementor-element-582ea6d3 e-flex e-con-boxed e-con e-parent\" data-id=\"582ea6d3\" data-element_type=\"container\" data-settings=\"{&quot;background_background&quot;:&quot;classic&quot;}\">\n\t\t\t\t\t<div class=\"e-con-inner\">\n\t\t\t\t<div class=\"elementor-element elementor-element-77a4140 elementor-widget elementor-widget-heading\" data-id=\"77a4140\" data-element_type=\"widget\" data-widget_type=\"heading.default\">\n\t\t\t\t\t<h2 class=\"elementor-heading-title elementor-size-default\">ACONSELHAMENTO JUR\u00cdDICO<\/h2>\t\t\t\t<\/div>\n\t\t\t\t<div class=\"elementor-element elementor-element-188bd31 elementor-widget elementor-widget-text-editor\" data-id=\"188bd31\" data-element_type=\"widget\" data-widget_type=\"text-editor.default\">\n\t\t\t\t\t\t\t\t\t<p><span style=\"color: #ffffff;\">Se voc\u00ea tem algum<\/span><br \/><span style=\"color: #ffffff;\">problema legal em sua vida\u2026<\/span><br \/>N\u00f3s estamos dispon\u00edveis<\/p>\t\t\t\t\t\t\t\t<\/div>\n\t\t\t\t<div class=\"elementor-element elementor-element-a5a70ee elementor-widget elementor-widget-button\" data-id=\"a5a70ee\" data-element_type=\"widget\" data-widget_type=\"button.default\">\n\t\t\t\t\t\t\t\t\t\t<a class=\"elementor-button elementor-button-link elementor-size-sm\" href=\"#\">\n\t\t\t\t\t\t<span class=\"elementor-button-content-wrapper\">\n\t\t\t\t\t\t<span class=\"elementor-button-icon\">\n\t\t\t\t<svg aria-hidden=\"true\" class=\"e-font-icon-svg e-far-comment\" viewBox=\"0 0 512 512\" xmlns=\"http:\/\/www.w3.org\/2000\/svg\"><path d=\"M256 32C114.6 32 0 125.1 0 240c0 47.6 19.9 91.2 52.9 126.3C38 405.7 7 439.1 6.5 439.5c-6.6 7-8.4 17.2-4.6 26S14.4 480 24 480c61.5 0 110-25.7 139.1-46.3C192 442.8 223.2 448 256 448c141.4 0 256-93.1 256-208S397.4 32 256 32zm0 368c-26.7 0-53.1-4.1-78.4-12.1l-22.7-7.2-19.5 13.8c-14.3 10.1-33.9 21.4-57.5 29 7.3-12.1 14.4-25.7 19.9-40.2l10.6-28.1-20.6-21.8C69.7 314.1 48 282.2 48 240c0-88.2 93.3-160 208-160s208 71.8 208 160-93.3 160-208 160z\"><\/path><\/svg>\t\t\t<\/span>\n\t\t\t\t\t\t\t\t\t<span class=\"elementor-button-text\">Clique aqui<\/span>\n\t\t\t\t\t<\/span>\n\t\t\t\t\t<\/a>\n\t\t\t\t\t\t\t\t<\/div>\n\t\t\t\t\t<\/div>\n\t\t\t\t<\/div>\n\t\t<div class=\"elementor-element elementor-element-5d2074f5 e-flex e-con-boxed e-con e-parent\" data-id=\"5d2074f5\" data-element_type=\"container\">\n\t\t\t\t\t<div class=\"e-con-inner\">\n\t\t<div class=\"elementor-element elementor-element-1161bbf e-con-full e-flex e-con e-child\" data-id=\"1161bbf\" data-element_type=\"container\">\n\t\t\t\t<div class=\"elementor-element elementor-element-d60fa5b elementor-widget elementor-widget-heading\" data-id=\"d60fa5b\" data-element_type=\"widget\" data-widget_type=\"heading.default\">\n\t\t\t\t\t<h2 class=\"elementor-heading-title elementor-size-default\">QUEM SOMOS<\/h2>\t\t\t\t<\/div>\n\t\t\t\t<div class=\"elementor-element elementor-element-84af3af elementor-widget elementor-widget-text-editor\" data-id=\"84af3af\" data-element_type=\"widget\" data-widget_type=\"text-editor.default\">\n\t\t\t\t\t\t\t\t\t<p>Estamos aqui para lutar contra<br \/>qualquer viola\u00e7\u00e3o judicial<\/p>\t\t\t\t\t\t\t\t<\/div>\n\t\t\t\t<div class=\"elementor-element elementor-element-754b520 elementor-widget elementor-widget-text-editor\" data-id=\"754b520\" data-element_type=\"widget\" data-widget_type=\"text-editor.default\">\n\t\t\t\t\t\t\t\t\t<p>Lorem ipsum dolor sit amet, consectetur adipiscing elit. Ut elit tellus, luctus nec ullamcorper mattis, pulvinar dapibus leo.<\/p>\t\t\t\t\t\t\t\t<\/div>\n\t\t<div class=\"elementor-element elementor-element-fcc0706 e-con-full e-flex e-con e-child\" data-id=\"fcc0706\" data-element_type=\"container\">\n\t\t\t\t<div class=\"elementor-element elementor-element-6ffd4a1 elementor-widget elementor-widget-text-editor\" data-id=\"6ffd4a1\" data-element_type=\"widget\" data-widget_type=\"text-editor.default\">\n\t\t\t\t\t\t\t\t\t<p>Lorem ipsum dolor sit amet, consectetur adipiscing elit. Ut elit tellus, luctus nec ullamcorper mattis, pulvinar dapibus leo.<\/p>\t\t\t\t\t\t\t\t<\/div>\n\t\t\t\t<div class=\"elementor-element elementor-element-245d9de elementor-widget elementor-widget-text-editor\" data-id=\"245d9de\" data-element_type=\"widget\" data-widget_type=\"text-editor.default\">\n\t\t\t\t\t\t\t\t\t<p>Lorem ipsum dolor sit amet, consectetur adipiscing elit. Ut elit tellus, luctus nec ullamcorper mattis, pulvinar dapibus leo.<\/p>\t\t\t\t\t\t\t\t<\/div>\n\t\t\t\t<\/div>\n\t\t\t\t<\/div>\n\t\t\t\t<div class=\"elementor-element elementor-element-4228766 elementor-widget elementor-widget-image\" data-id=\"4228766\" data-element_type=\"widget\" data-widget_type=\"image.default\">\n\t\t\t\t\t\t\t\t\t\t\t\t\t\t\t<img fetchpriority=\"high\" decoding=\"async\" width=\"650\" height=\"800\" src=\"https:\/\/staging1.victorvkc.com\/wp-content\/uploads\/2025\/08\/Estastua.png\" class=\"attachment-large size-large wp-image-24\" alt=\"\" srcset=\"https:\/\/staging1.victorvkc.com\/wp-content\/uploads\/2025\/08\/Estastua.png 650w, https:\/\/staging1.victorvkc.com\/wp-content\/uploads\/2025\/08\/Estastua-244x300.png 244w\" sizes=\"(max-width: 650px) 100vw, 650px\" \/>\t\t\t\t\t\t\t\t\t\t\t\t\t\t\t<\/div>\n\t\t\t\t\t<\/div>\n\t\t\t\t<\/div>\n\t\t\t\t<\/div>\n\t\t","protected":false},"excerpt":{"rendered":"<p>ACONSELHAMENTO JUR\u00cdDICO Se voc\u00ea tem algumproblema legal em sua vida\u2026N\u00f3s estamos dispon\u00edveis Clique aqui QUEM SOMOS Estamos aqui para lutar contraqualquer viola\u00e7\u00e3o judicial Lorem ipsum dolor sit amet, consectetur adipiscing elit. Ut elit tellus, luctus nec ullamcorper mattis, pulvinar dapibus leo. Lorem ipsum dolor sit amet, consectetur adipiscing elit. Ut elit tellus, luctus nec ullamcorper [&hellip;]<\/p>\n","protected":false},"author":1,"featured_media":0,"parent":0,"menu_order":0,"comment_status":"closed","ping_status":"closed","template":"","meta":{"footnotes":""},"class_list":["post-84","page","type-page","status-publish","hentry"],"_links":{"self":[{"href":"https:\/\/staging1.victorvkc.com\/index.php\/wp-json\/wp\/v2\/pages\/84","targetHints":{"allow":["GET"]}}],"collection":[{"href":"https:\/\/staging1.victorvkc.com\/index.php\/wp-json\/wp\/v2\/pages"}],"about":[{"href":"https:\/\/staging1.victorvkc.com\/index.php\/wp-json\/wp\/v2\/types\/page"}],"author":[{"embeddable":true,"href":"https:\/\/staging1.victorvkc.com\/index.php\/wp-json\/wp\/v2\/users\/1"}],"replies":[{"embeddable":true,"href":"https:\/\/staging1.victorvkc.com\/index.php\/wp-json\/wp\/v2\/comments?post=84"}],"version-history":[{"count":14,"href":"https:\/\/staging1.victorvkc.com\/index.php\/wp-json\/wp\/v2\/pages\/84\/revisions"}],"predecessor-version":[{"id":105,"href":"https:\/\/staging1.victorvkc.com\/index.php\/wp-json\/wp\/v2\/pages\/84\/revisions\/105"}],"wp:attachment":[{"href":"https:\/\/staging1.victorvkc.com\/index.php\/wp-json\/wp\/v2\/media?parent=84"}],"curies":[{"name":"wp","href":"https:\/\/api.w.org\/{rel}","templated":true}]}}